{"id":1394,"date":"2024-09-27T12:42:59","date_gmt":"2024-09-27T11:42:59","guid":{"rendered":"https:\/\/gustsports.com\/?post_type=product&#038;p=1394"},"modified":"2025-03-25T15:20:05","modified_gmt":"2025-03-25T15:20:05","slug":"explorer-mittens","status":"publish","type":"product","link":"https:\/\/gustsports.com\/de\/product\/explorer-faustlinge\/","title":{"rendered":"Explorer-F\u00e4ustlinge"},"content":{"rendered":"","protected":false},"excerpt":{"rendered":"<p>Die Lederskif\u00e4ustlinge \u201eExplorer\u201c von Gust sind hochwertige, isolierte F\u00e4ustlinge f\u00fcr extrem kalte Wetterbedingungen. Hergestellt aus strapazierf\u00e4higem Leder mit einem weichen, wetterfesten Futter<\/p>\n","protected":false},"featured_media":1595,"template":"","meta":[],"product_brand":[],"product_cat":[32],"product_tag":[],"class_list":{"0":"post-1394","1":"product","2":"type-product","3":"status-publish","4":"has-post-thumbnail","6":"product_cat-handschuhe","8":"first","9":"instock","10":"shipping-taxable","11":"purchasable","12":"product-type-variable"},"bundled_by":[],"bundle_stock_status":"instock","bundle_stock_quantity":null,"bundle_virtual":false,"bundle_layout":"","bundle_add_to_cart_form_location":"","bundle_editable_in_cart":false,"bundle_sold_individually_context":"","bundle_item_grouping":"","bundle_min_size":"","bundle_max_size":"","bundle_price":[],"bundled_items":[],"bundle_sell_ids":[],"jetpack_sharing_enabled":true,"_links":{"self":[{"href":"https:\/\/gustsports.com\/de\/wp-json\/wp\/v2\/product\/1394","targetHints":{"allow":["GET"]}}],"collection":[{"href":"https:\/\/gustsports.com\/de\/wp-json\/wp\/v2\/product"}],"about":[{"href":"https:\/\/gustsports.com\/de\/wp-json\/wp\/v2\/types\/product"}],"version-history":[{"count":19,"href":"https:\/\/gustsports.com\/de\/wp-json\/wp\/v2\/product\/1394\/revisions"}],"predecessor-version":[{"id":1485,"href":"https:\/\/gustsports.com\/de\/wp-json\/wp\/v2\/product\/1394\/revisions\/1485"}],"wp:featuredmedia":[{"embeddable":true,"href":"https:\/\/gustsports.com\/de\/wp-json\/wp\/v2\/media\/1595"}],"wp:attachment":[{"href":"https:\/\/gustsports.com\/de\/wp-json\/wp\/v2\/media?parent=1394"}],"wp:term":[{"taxonomy":"product_brand","embeddable":true,"href":"https:\/\/gustsports.com\/de\/wp-json\/wp\/v2\/product_brand?post=1394"},{"taxonomy":"product_cat","embeddable":true,"href":"https:\/\/gustsports.com\/de\/wp-json\/wp\/v2\/product_cat?post=1394"},{"taxonomy":"product_tag","embeddable":true,"href":"https:\/\/gustsports.com\/de\/wp-json\/wp\/v2\/product_tag?post=1394"}],"curies":[{"name":"wp","href":"https:\/\/api.w.org\/{rel}","templated":true}]}}