{"id":1974,"date":"2025-03-17T13:29:18","date_gmt":"2025-03-17T13:29:18","guid":{"rendered":"https:\/\/gustsports.com\/product\/\/"},"modified":"2025-06-12T08:31:26","modified_gmt":"2025-06-12T07:31:26","slug":"shield-black-black-sunglasses","status":"publish","type":"product","link":"https:\/\/gustsports.com\/fr\/product\/shield-lunettes-de-soleil-noires-noires\/","title":{"rendered":"Shield-  Lunettes de soleil noires\/noires"},"content":{"rendered":"<p>D\u00e9couvrez un nouveau niveau de protection et de style pour vos aventures en plein air avec les lunettes de soleil Gust Shield. Con\u00e7ues en pensant aux athl\u00e8tes les plus exigeants, ces lunettes combinent un style audacieux, une performance sans compromis et une polyvalence pour une exp\u00e9rience in\u00e9gal\u00e9e.<\/p>\n<p>Avec un design de monture plus grand et plus imposant, les Gust Shield \u00e0 monture noire et verres noirs offrent une protection maximale contre les rayons UV nocifs et les reflets g\u00eanants, vous permettant de toujours voir clairement, quelles que soient les conditions. La monture surdimensionn\u00e9e durable reste remarquablement l\u00e9g\u00e8re et ergonomique pour un ajustement confortable, m\u00eame lors des activit\u00e9s les plus intenses.<\/p>\n<p>Gr\u00e2ce aux verres polaris\u00e9s de haute qualit\u00e9, vous pouvez profiter d&rsquo;un contraste et d&rsquo;une d\u00e9finition des couleurs am\u00e9lior\u00e9s, donnant vie \u00e0 chaque d\u00e9tail de votre environnement. Que vous couriez en for\u00eat, fassiez du v\u00e9lo sur des sentiers de montagne, ou randonniez dans la nature, les lunettes de soleil Gust Shield font une d\u00e9claration tout en soutenant votre performance.<\/p>\n<p>Avec leur polyvalence et leur pr\u00e9sence plus affirm\u00e9e, les Gust Shield conviennent \u00e0 une vari\u00e9t\u00e9 de sports, notamment le VTT, le gravel bike, le v\u00e9lo de route, la course \u00e0 pied, le trail running, la randonn\u00e9e, le golf et bien plus encore. Que vous soyez un athl\u00e8te passionn\u00e9 ou que vous appr\u00e9ciiez simplement les activit\u00e9s de plein air, ces lunettes de soleil am\u00e9lior\u00e9es sont votre compagnon indispensable.<\/p>\n<p>Rejoignez la communaut\u00e9 Gust et exp\u00e9rimentez la combinaison parfaite de performance, de style amplifi\u00e9 et de confort avec les lunettes de soleil Gust Shield. Pr\u00eat \u00e0 repousser vos limites et \u00e0 vivre chaque aventure pleinement&#8230;<\/p>\n","protected":false},"excerpt":{"rendered":"<p>Gust Shield: \u00c9levez votre protection ext\u00e9rieure avec les nouvelles lunettes de soleil audacieuses Gust Shield. Avec une monture plus grande et plus imposante tout en conservant l&rsquo;ADN de performance de la ligne Gust, ces lunettes offrent une couverture et un style am\u00e9lior\u00e9s pour les athl\u00e8tes et aventuriers exigeants. Commandez maintenant !<\/p>\n","protected":false},"featured_media":1975,"template":"","meta":[],"product_brand":[],"product_cat":[31],"product_tag":[],"class_list":{"0":"post-1974","1":"product","2":"type-product","3":"status-publish","4":"has-post-thumbnail","6":"product_cat-lunettes-de-soleil","8":"first","9":"instock","10":"shipping-taxable","11":"purchasable","12":"product-type-simple"},"bundled_by":[],"bundle_stock_status":"instock","bundle_stock_quantity":50,"bundle_virtual":false,"bundle_layout":"","bundle_add_to_cart_form_location":"","bundle_editable_in_cart":false,"bundle_sold_individually_context":"","bundle_item_grouping":"","bundle_min_size":"","bundle_max_size":"","bundle_price":[],"bundled_items":[],"bundle_sell_ids":[],"jetpack_sharing_enabled":true,"_links":{"self":[{"href":"https:\/\/gustsports.com\/fr\/wp-json\/wp\/v2\/product\/1974","targetHints":{"allow":["GET"]}}],"collection":[{"href":"https:\/\/gustsports.com\/fr\/wp-json\/wp\/v2\/product"}],"about":[{"href":"https:\/\/gustsports.com\/fr\/wp-json\/wp\/v2\/types\/product"}],"version-history":[{"count":1,"href":"https:\/\/gustsports.com\/fr\/wp-json\/wp\/v2\/product\/1974\/revisions"}],"predecessor-version":[{"id":1978,"href":"https:\/\/gustsports.com\/fr\/wp-json\/wp\/v2\/product\/1974\/revisions\/1978"}],"wp:featuredmedia":[{"embeddable":true,"href":"https:\/\/gustsports.com\/fr\/wp-json\/wp\/v2\/media\/1975"}],"wp:attachment":[{"href":"https:\/\/gustsports.com\/fr\/wp-json\/wp\/v2\/media?parent=1974"}],"wp:term":[{"taxonomy":"product_brand","embeddable":true,"href":"https:\/\/gustsports.com\/fr\/wp-json\/wp\/v2\/product_brand?post=1974"},{"taxonomy":"product_cat","embeddable":true,"href":"https:\/\/gustsports.com\/fr\/wp-json\/wp\/v2\/product_cat?post=1974"},{"taxonomy":"product_tag","embeddable":true,"href":"https:\/\/gustsports.com\/fr\/wp-json\/wp\/v2\/product_tag?post=1974"}],"curies":[{"name":"wp","href":"https:\/\/api.w.org\/{rel}","templated":true}]}}