{"id":2014,"date":"2025-06-09T19:37:32","date_gmt":"2025-06-09T18:37:32","guid":{"rendered":"https:\/\/gustsports.com\/product\/\/"},"modified":"2025-06-12T09:39:51","modified_gmt":"2025-06-12T08:39:51","slug":"sun-1-sunglasses-white-frame-red-lens","status":"publish","type":"product","link":"https:\/\/gustsports.com\/fr\/product\/sun-1-lunettes-de-soleil-monture-blanche-verres-rouges\/","title":{"rendered":"SUN 1. Lunettes de soleil - Monture blanche \/ Verres rouges"},"content":{"rendered":"<p>D\u00e9couvrez le compagnon ultime pour vos aventures en plein air avec les lunettes de soleil Gust Sun 1. Con\u00e7ues pour les athl\u00e8tes les plus exigeants, ces lunettes de soleil allient style, performance et polyvalence pour une exp\u00e9rience in\u00e9gal\u00e9e.<\/p>\n<p>Avec un design \u00e9l\u00e9gant et a\u00e9rodynamique, les Gust Sun 1. avec monture noire et verres rouges offrent une protection maximale contre les rayons UV nocifs et les reflets g\u00eanants, afin que vous puissiez toujours voir clairement, quelles que soient les conditions.<\/p>\n<p>La monture durable est l\u00e9g\u00e8re et de forme ergonomique pour un ajustement confortable, m\u00eame pendant les activit\u00e9s les plus intenses. Gr\u00e2ce aux verres polaris\u00e9s de haute qualit\u00e9, vous pouvez profiter d&rsquo;un contraste et d&rsquo;une d\u00e9finition des couleurs am\u00e9lior\u00e9s, donnant vie \u00e0 chaque d\u00e9tail de votre environnement.<\/p>\n<p>Que vous couriez dans les bois, que vous fassiez du v\u00e9lo sur des sentiers de montagne ou que vous fassiez de la randonn\u00e9e dans la nature, les lunettes de soleil Gust Sun 1. sont toujours pr\u00eates \u00e0 soutenir vos performances.<\/p>\n<p>Gr\u00e2ce \u00e0 sa polyvalence, les Gust Sun 1. conviennent \u00e0 une vari\u00e9t\u00e9 de sports, notamment le VTT, le v\u00e9lo de gravier, le v\u00e9lo de route, la course \u00e0 pied, le trail, la randonn\u00e9e, le golf et bien plus encore. Que vous soyez un sportif passionn\u00e9 ou que vous aimiez simplement les activit\u00e9s de plein air, ces lunettes de soleil sont votre compagnon indispensable.<\/p>\n<p>Rejoignez la communaut\u00e9 Gust et d\u00e9couvrez la combinaison parfaite de performance, de style et de confort avec les lunettes de soleil Gust Sun 1. Pr\u00eat \u00e0 repousser vos limites et \u00e0 vivre chaque aventure au maximum\u2026<\/p>\n","protected":false},"excerpt":{"rendered":"<p>Gust Sun 1. D\u00e9couvrez le compagnon ultime pour vos aventures en plein air avec les lunettes de soleil Gust Sun 1. Con\u00e7ues pour les athl\u00e8tes les plus exigeants, ces lunettes de soleil allient style, performance et polyvalence pour une exp\u00e9rience in\u00e9gal\u00e9e. Commandez maintenant !<\/p>\n","protected":false},"featured_media":2018,"template":"","meta":[],"product_brand":[44],"product_cat":[31],"product_tag":[],"class_list":{"0":"post-2014","1":"product","2":"type-product","3":"status-publish","4":"has-post-thumbnail","6":"product_brand-gustsports","7":"product_cat-lunettes-de-soleil","9":"first","10":"instock","11":"shipping-taxable","12":"purchasable","13":"product-type-simple"},"bundled_by":[],"bundle_stock_status":"instock","bundle_stock_quantity":50,"bundle_virtual":false,"bundle_layout":"","bundle_add_to_cart_form_location":"","bundle_editable_in_cart":false,"bundle_sold_individually_context":"","bundle_item_grouping":"","bundle_min_size":"","bundle_max_size":"","bundle_price":[],"bundled_items":[],"bundle_sell_ids":[],"jetpack_sharing_enabled":true,"_links":{"self":[{"href":"https:\/\/gustsports.com\/fr\/wp-json\/wp\/v2\/product\/2014","targetHints":{"allow":["GET"]}}],"collection":[{"href":"https:\/\/gustsports.com\/fr\/wp-json\/wp\/v2\/product"}],"about":[{"href":"https:\/\/gustsports.com\/fr\/wp-json\/wp\/v2\/types\/product"}],"version-history":[{"count":1,"href":"https:\/\/gustsports.com\/fr\/wp-json\/wp\/v2\/product\/2014\/revisions"}],"predecessor-version":[{"id":2015,"href":"https:\/\/gustsports.com\/fr\/wp-json\/wp\/v2\/product\/2014\/revisions\/2015"}],"wp:featuredmedia":[{"embeddable":true,"href":"https:\/\/gustsports.com\/fr\/wp-json\/wp\/v2\/media\/2018"}],"wp:attachment":[{"href":"https:\/\/gustsports.com\/fr\/wp-json\/wp\/v2\/media?parent=2014"}],"wp:term":[{"taxonomy":"product_brand","embeddable":true,"href":"https:\/\/gustsports.com\/fr\/wp-json\/wp\/v2\/product_brand?post=2014"},{"taxonomy":"product_cat","embeddable":true,"href":"https:\/\/gustsports.com\/fr\/wp-json\/wp\/v2\/product_cat?post=2014"},{"taxonomy":"product_tag","embeddable":true,"href":"https:\/\/gustsports.com\/fr\/wp-json\/wp\/v2\/product_tag?post=2014"}],"curies":[{"name":"wp","href":"https:\/\/api.w.org\/{rel}","templated":true}]}}