{"id":2021,"date":"2025-06-09T20:00:18","date_gmt":"2025-06-09T19:00:18","guid":{"rendered":"https:\/\/gustsports.com\/product\/\/"},"modified":"2025-06-12T09:26:45","modified_gmt":"2025-06-12T08:26:45","slug":"shield-black-red-sunglasses","status":"publish","type":"product","link":"https:\/\/gustsports.com\/fr\/product\/lunettes-de-soleil-bouclier-noir-rouge\/","title":{"rendered":"Shield - Lunettes de soleil noires\/rouges"},"content":{"rendered":"<p>D\u00e9couvrez un nouveau niveau de protection et de style pour vos aventures en plein air avec les <strong>lunettes de soleil Gust Shield<\/strong> . Con\u00e7ues pour les athl\u00e8tes les plus exigeants, ces lunettes de soleil allient style audacieux, performance sans compromis et polyvalence pour une exp\u00e9rience in\u00e9gal\u00e9e. Avec une monture plus large et plus imposante, les Gust Shield, avec leur monture noire et leurs verres rouges, offrent une protection maximale contre les rayons UV nocifs et l&rsquo;\u00e9blouissement, pour une vision toujours nette, quelles que soient les conditions. Leur monture surdimensionn\u00e9e et r\u00e9sistante reste remarquablement l\u00e9g\u00e8re et ergonomique pour un confort optimal, m\u00eame lors des activit\u00e9s les plus intenses.<\/p>\n<p>Gr\u00e2ce \u00e0 leurs verres polaris\u00e9s de haute qualit\u00e9, vous b\u00e9n\u00e9ficiez d&rsquo;un contraste et d&rsquo;une d\u00e9finition des couleurs am\u00e9lior\u00e9s, mettant en valeur chaque d\u00e9tail de votre environnement. Que vous couriez en for\u00eat, que vous fassiez du v\u00e9lo sur les sentiers de montagne ou que vous randonniez en pleine nature, les lunettes de soleil Gust Shield s&rsquo;imposent tout en soutenant vos performances. Gr\u00e2ce \u00e0 leur polyvalence et \u00e0 leur pr\u00e9sence affirm\u00e9e, les Gust Shield conviennent \u00e0 une vari\u00e9t\u00e9 de sports, notamment le VTT, le gravel bike, le v\u00e9lo de route, la course \u00e0 pied, le trail running, la randonn\u00e9e, le golf et bien plus encore. Que vous soyez un sportif passionn\u00e9 ou un simple amateur d&rsquo;activit\u00e9s de plein air, ces lunettes de soleil am\u00e9lior\u00e9es sont votre compagnon indispensable. Rejoignez la communaut\u00e9 Gust et d\u00e9couvrez l&rsquo;alliance parfaite entre performance, style et confort avec les lunettes de soleil Gust Shield. Pr\u00eat \u00e0 repousser vos limites et \u00e0 vivre pleinement chaque aventure\u2026<\/p>\n","protected":false},"excerpt":{"rendered":"<p>Gust Shield: \u00c9levez votre protection ext\u00e9rieure avec les nouvelles lunettes de soleil audacieuses Gust Shield. Avec une monture plus grande et plus imposante tout en conservant l&rsquo;ADN de performance de la ligne Gust, ces lunettes offrent une couverture et un style am\u00e9lior\u00e9s pour les athl\u00e8tes et aventuriers exigeants. Commandez maintenant !<\/p>\n","protected":false},"featured_media":2031,"template":"","meta":[],"product_brand":[],"product_cat":[31],"product_tag":[],"class_list":{"0":"post-2021","1":"product","2":"type-product","3":"status-publish","4":"has-post-thumbnail","6":"product_cat-lunettes-de-soleil","8":"first","9":"instock","10":"shipping-taxable","11":"purchasable","12":"product-type-simple"},"bundled_by":[],"bundle_stock_status":"instock","bundle_stock_quantity":50,"bundle_virtual":false,"bundle_layout":"","bundle_add_to_cart_form_location":"","bundle_editable_in_cart":false,"bundle_sold_individually_context":"","bundle_item_grouping":"","bundle_min_size":"","bundle_max_size":"","bundle_price":[],"bundled_items":[],"bundle_sell_ids":[],"jetpack_sharing_enabled":true,"_links":{"self":[{"href":"https:\/\/gustsports.com\/fr\/wp-json\/wp\/v2\/product\/2021","targetHints":{"allow":["GET"]}}],"collection":[{"href":"https:\/\/gustsports.com\/fr\/wp-json\/wp\/v2\/product"}],"about":[{"href":"https:\/\/gustsports.com\/fr\/wp-json\/wp\/v2\/types\/product"}],"version-history":[{"count":4,"href":"https:\/\/gustsports.com\/fr\/wp-json\/wp\/v2\/product\/2021\/revisions"}],"predecessor-version":[{"id":2034,"href":"https:\/\/gustsports.com\/fr\/wp-json\/wp\/v2\/product\/2021\/revisions\/2034"}],"wp:featuredmedia":[{"embeddable":true,"href":"https:\/\/gustsports.com\/fr\/wp-json\/wp\/v2\/media\/2031"}],"wp:attachment":[{"href":"https:\/\/gustsports.com\/fr\/wp-json\/wp\/v2\/media?parent=2021"}],"wp:term":[{"taxonomy":"product_brand","embeddable":true,"href":"https:\/\/gustsports.com\/fr\/wp-json\/wp\/v2\/product_brand?post=2021"},{"taxonomy":"product_cat","embeddable":true,"href":"https:\/\/gustsports.com\/fr\/wp-json\/wp\/v2\/product_cat?post=2021"},{"taxonomy":"product_tag","embeddable":true,"href":"https:\/\/gustsports.com\/fr\/wp-json\/wp\/v2\/product_tag?post=2021"}],"curies":[{"name":"wp","href":"https:\/\/api.w.org\/{rel}","templated":true}]}}