{"id":2037,"date":"2025-06-12T09:42:11","date_gmt":"2025-06-12T08:42:11","guid":{"rendered":"https:\/\/gustsports.com\/product\/\/"},"modified":"2025-06-12T10:04:48","modified_gmt":"2025-06-12T09:04:48","slug":"sun-1-sunglasses-white-dotted-frame-pink-lens","status":"publish","type":"product","link":"https:\/\/gustsports.com\/fr\/product\/sun-1-lunettes-de-soleil-monture-blanche-pois-verres-roses\/","title":{"rendered":"SUN 1. Lunettes de soleil - Monture \u00e0 pois blancs \/ Verres roses"},"content":{"rendered":"<p>D\u00e9couvrez le compagnon id\u00e9al pour vos aventures en plein air avec les lunettes de soleil Gust Sun 1. Con\u00e7ues pour les athl\u00e8tes les plus exigeants, ces lunettes allient style, performance et polyvalence pour une exp\u00e9rience in\u00e9gal\u00e9e. Avec leur design \u00e9l\u00e9gant et a\u00e9rodynamique, les Gust Sun 1., avec leur monture \u00e0 pois blancs et leurs verres roses, offrent une protection maximale contre les rayons UV nocifs et l&rsquo;\u00e9blouissement, pour une vision toujours nette, quelles que soient les conditions.<\/p>\n<p>Leur monture robuste, l\u00e9g\u00e8re et ergonomique, assure un ajustement confortable, m\u00eame lors des activit\u00e9s les plus intenses. Gr\u00e2ce \u00e0 leurs verres polaris\u00e9s de haute qualit\u00e9, vous b\u00e9n\u00e9ficiez d&rsquo;un contraste et d&rsquo;une d\u00e9finition des couleurs am\u00e9lior\u00e9s, mettant en valeur chaque d\u00e9tail de votre environnement. Que vous couriez en for\u00eat, que vous fassiez du v\u00e9lo sur les sentiers de montagne ou que vous randonniez en pleine nature, les lunettes de soleil Gust Sun 1. sont toujours pr\u00eates \u00e0 vous accompagner dans vos performances. Gr\u00e2ce \u00e0 leur polyvalence, les Gust Sun 1. conviennent \u00e0 de nombreux sports, comme le VTT, le gravel bike, le v\u00e9lo de route, la course \u00e0 pied, le trail running, la randonn\u00e9e, le golf et bien plus encore.<\/p>\n<p>Que vous soyez un sportif passionn\u00e9 ou un simple amateur d&rsquo;activit\u00e9s de plein air, ces lunettes de soleil sont votre compagnon indispensable. Rejoignez la communaut\u00e9 Gust et d\u00e9couvrez l&rsquo;alliance parfaite entre performance, style et confort avec les lunettes de soleil Gust Sun 1. Pr\u00eat \u00e0 repousser vos limites et \u00e0 vivre pleinement chaque aventure\u2026<\/p>\n","protected":false},"excerpt":{"rendered":"<p>Gust Sun 1. D\u00e9couvrez le compagnon ultime pour vos aventures en plein air avec les lunettes de soleil Gust Sun 1. Con\u00e7ues pour les athl\u00e8tes les plus exigeants, ces lunettes de soleil allient style, performance et polyvalence pour une exp\u00e9rience in\u00e9gal\u00e9e. Commandez maintenant !<\/p>\n","protected":false},"featured_media":2038,"template":"","meta":[],"product_brand":[44],"product_cat":[31],"product_tag":[],"class_list":{"0":"post-2037","1":"product","2":"type-product","3":"status-publish","4":"has-post-thumbnail","6":"product_brand-gustsports","7":"product_cat-lunettes-de-soleil","9":"first","10":"instock","11":"shipping-taxable","12":"purchasable","13":"product-type-simple"},"bundled_by":[],"bundle_stock_status":"instock","bundle_stock_quantity":50,"bundle_virtual":false,"bundle_layout":"","bundle_add_to_cart_form_location":"","bundle_editable_in_cart":false,"bundle_sold_individually_context":"","bundle_item_grouping":"","bundle_min_size":"","bundle_max_size":"","bundle_price":[],"bundled_items":[],"bundle_sell_ids":[],"jetpack_sharing_enabled":true,"_links":{"self":[{"href":"https:\/\/gustsports.com\/fr\/wp-json\/wp\/v2\/product\/2037","targetHints":{"allow":["GET"]}}],"collection":[{"href":"https:\/\/gustsports.com\/fr\/wp-json\/wp\/v2\/product"}],"about":[{"href":"https:\/\/gustsports.com\/fr\/wp-json\/wp\/v2\/types\/product"}],"version-history":[{"count":2,"href":"https:\/\/gustsports.com\/fr\/wp-json\/wp\/v2\/product\/2037\/revisions"}],"predecessor-version":[{"id":2043,"href":"https:\/\/gustsports.com\/fr\/wp-json\/wp\/v2\/product\/2037\/revisions\/2043"}],"wp:featuredmedia":[{"embeddable":true,"href":"https:\/\/gustsports.com\/fr\/wp-json\/wp\/v2\/media\/2038"}],"wp:attachment":[{"href":"https:\/\/gustsports.com\/fr\/wp-json\/wp\/v2\/media?parent=2037"}],"wp:term":[{"taxonomy":"product_brand","embeddable":true,"href":"https:\/\/gustsports.com\/fr\/wp-json\/wp\/v2\/product_brand?post=2037"},{"taxonomy":"product_cat","embeddable":true,"href":"https:\/\/gustsports.com\/fr\/wp-json\/wp\/v2\/product_cat?post=2037"},{"taxonomy":"product_tag","embeddable":true,"href":"https:\/\/gustsports.com\/fr\/wp-json\/wp\/v2\/product_tag?post=2037"}],"curies":[{"name":"wp","href":"https:\/\/api.w.org\/{rel}","templated":true}]}}